{"id":203,"date":"2023-07-20T14:49:00","date_gmt":"2023-07-20T17:49:00","guid":{"rendered":"http:\/\/www.cemeai.icmc.usp.br\/EduSCar\/?page_id=203"},"modified":"2023-07-27T07:19:25","modified_gmt":"2023-07-27T10:19:25","slug":"ludo-educativo","status":"publish","type":"page","link":"https:\/\/www.cemeai.icmc.usp.br\/EduSCar\/ludo-educativo\/","title":{"rendered":"Instituto Angelim e EduSCar levam alunas ao Parque Ecol\u00f3gico."},"content":{"rendered":"\n<p><strong><strong>A\u00e7\u00f5es de Difus\u00e3o de Ci\u00eancias no Parque Ecol\u00f3gico de S\u00e3o Carlos<\/strong>. <\/strong><\/p>\n\n\n\n<p><strong>O projeto Laborat\u00f3rio de Talentos \u00e9 promovido pelo Instituto Angelim. <\/strong><\/p>\n\n\n\n<p>Oferece, ao longo do ano, oficinas, pr\u00e1ticas e viv\u00eancias nas Carreiras da Ci\u00eancia, Tecnologia, Engenharia, Artes e Mat\u00e9m\u00e1tica, especialmente para Jovens Mulheres do Ensino M\u00e9dio das Escolas P\u00fablicas de S\u00e3o Carlos. As oficinas s\u00e3o ministradas por professoras e por estudantes do mestrado e doutorado das Universidades em S\u00e3o Carlos. Tem por objetivo crir identidade, especialmente em estudantes mulheres, e construir carreiras com equidade!!! O projeto \u00e9 coordenado pela Presidente do Instituto Angelim, Mariana Saran e pela Diretora de Projetos, Mirlene Sim\u00f5es,<\/p>\n\n\n\n<p><strong> As aulas, promovidas no Parque Ecol\u00f3gico, foram ministradas pela Profa. Wilma Barrionuevo , para alunas da E.E. Maria Ramos. O tema da aula foi \u201cA biologia e a admir\u00e1vel proximidade entre os seres vivos\u201d.<\/strong> <\/p>\n\n\n\n<figure class=\"wp-block-image size-large\"><img loading=\"lazy\" width=\"1024\" height=\"547\" src=\"https:\/\/www.cemeai.icmc.usp.br\/EduSCar\/wp-content\/uploads\/2023\/07\/2a-1024x547.jpg\" alt=\"\" class=\"wp-image-586\" srcset=\"https:\/\/www.cemeai.icmc.usp.br\/EduSCar\/wp-content\/uploads\/2023\/07\/2a-1024x547.jpg 1024w, https:\/\/www.cemeai.icmc.usp.br\/EduSCar\/wp-content\/uploads\/2023\/07\/2a-300x160.jpg 300w, https:\/\/www.cemeai.icmc.usp.br\/EduSCar\/wp-content\/uploads\/2023\/07\/2a-768x410.jpg 768w, https:\/\/www.cemeai.icmc.usp.br\/EduSCar\/wp-content\/uploads\/2023\/07\/2a-1536x820.jpg 1536w, https:\/\/www.cemeai.icmc.usp.br\/EduSCar\/wp-content\/uploads\/2023\/07\/2a-700x374.jpg 700w, https:\/\/www.cemeai.icmc.usp.br\/EduSCar\/wp-content\/uploads\/2023\/07\/2a-520x278.jpg 520w, https:\/\/www.cemeai.icmc.usp.br\/EduSCar\/wp-content\/uploads\/2023\/07\/2a-360x192.jpg 360w, https:\/\/www.cemeai.icmc.usp.br\/EduSCar\/wp-content\/uploads\/2023\/07\/2a-250x133.jpg 250w, https:\/\/www.cemeai.icmc.usp.br\/EduSCar\/wp-content\/uploads\/2023\/07\/2a-100x53.jpg 100w, https:\/\/www.cemeai.icmc.usp.br\/EduSCar\/wp-content\/uploads\/2023\/07\/2a.jpg 2048w\" sizes=\"(max-width: 1024px) 100vw, 1024px\" \/><\/figure>\n\n\n\n<p class=\"has-very-light-gray-background-color has-background has-medium-font-size\">Saiba mais sobre o Instituto Angelim no link abaixo:<\/p>\n\n\n\n<p><a href=\"https:\/\/www.facebook.com\/institutoangelim\/\">https:\/\/www.facebook.com\/institutoangelim\/<\/a><\/p>\n\n\n\n<p class=\"has-very-dark-gray-color has-light-green-cyan-background-color has-text-color has-background\"><\/p>\n","protected":false},"excerpt":{"rendered":"<p>A\u00e7\u00f5es de Difus\u00e3o de Ci\u00eancias no Parque Ecol\u00f3gico de S\u00e3o Carlos. O projeto Laborat\u00f3rio de Talentos \u00e9 promovido pelo Instituto Angelim. Oferece, ao longo do ano, oficinas, pr\u00e1ticas e viv\u00eancias nas Carreiras da Ci\u00eancia, Tecnologia, Engenharia, Artes e Mat\u00e9m\u00e1tica, especialmente [&hellip;]<\/p>\n","protected":false},"author":1,"featured_media":587,"parent":0,"menu_order":0,"comment_status":"closed","ping_status":"closed","template":"","meta":[],"_links":{"self":[{"href":"https:\/\/www.cemeai.icmc.usp.br\/EduSCar\/wp-json\/wp\/v2\/pages\/203"}],"collection":[{"href":"https:\/\/www.cemeai.icmc.usp.br\/EduSCar\/wp-json\/wp\/v2\/pages"}],"about":[{"href":"https:\/\/www.cemeai.icmc.usp.br\/EduSCar\/wp-json\/wp\/v2\/types\/page"}],"author":[{"embeddable":true,"href":"https:\/\/www.cemeai.icmc.usp.br\/EduSCar\/wp-json\/wp\/v2\/users\/1"}],"replies":[{"embeddable":true,"href":"https:\/\/www.cemeai.icmc.usp.br\/EduSCar\/wp-json\/wp\/v2\/comments?post=203"}],"version-history":[{"count":5,"href":"https:\/\/www.cemeai.icmc.usp.br\/EduSCar\/wp-json\/wp\/v2\/pages\/203\/revisions"}],"predecessor-version":[{"id":588,"href":"https:\/\/www.cemeai.icmc.usp.br\/EduSCar\/wp-json\/wp\/v2\/pages\/203\/revisions\/588"}],"wp:featuredmedia":[{"embeddable":true,"href":"https:\/\/www.cemeai.icmc.usp.br\/EduSCar\/wp-json\/wp\/v2\/media\/587"}],"wp:attachment":[{"href":"https:\/\/www.cemeai.icmc.usp.br\/EduSCar\/wp-json\/wp\/v2\/media?parent=203"}],"curies":[{"name":"wp","href":"https:\/\/api.w.org\/{rel}","templated":true}]}}