{"id":233,"date":"2019-03-13T23:00:14","date_gmt":"2019-03-14T02:00:14","guid":{"rendered":"http:\/\/www.cemeai.icmc.usp.br\/EduSCar\/cemeai-copy\/"},"modified":"2019-03-14T18:51:36","modified_gmt":"2019-03-14T21:51:36","slug":"cemeai-2","status":"publish","type":"page","link":"https:\/\/www.cemeai.icmc.usp.br\/EduSCar\/cemeai-2\/","title":{"rendered":"CeMEAI: OBMEP e Rob\u00f3tica para professores e estudantes"},"content":{"rendered":"\n<figure class=\"wp-block-image\"><img loading=\"lazy\" width=\"1024\" height=\"576\" src=\"http:\/\/www.cemeai.icmc.usp.br\/EduSCar\/wp-content\/uploads\/2019\/03\/CEMEAI-robotica-1024x576.jpg\" alt=\"\" class=\"wp-image-411\" srcset=\"https:\/\/www.cemeai.icmc.usp.br\/EduSCar\/wp-content\/uploads\/2019\/03\/CEMEAI-robotica-1024x576.jpg 1024w, https:\/\/www.cemeai.icmc.usp.br\/EduSCar\/wp-content\/uploads\/2019\/03\/CEMEAI-robotica-300x169.jpg 300w, https:\/\/www.cemeai.icmc.usp.br\/EduSCar\/wp-content\/uploads\/2019\/03\/CEMEAI-robotica-768x432.jpg 768w, https:\/\/www.cemeai.icmc.usp.br\/EduSCar\/wp-content\/uploads\/2019\/03\/CEMEAI-robotica-700x394.jpg 700w, https:\/\/www.cemeai.icmc.usp.br\/EduSCar\/wp-content\/uploads\/2019\/03\/CEMEAI-robotica-520x293.jpg 520w, https:\/\/www.cemeai.icmc.usp.br\/EduSCar\/wp-content\/uploads\/2019\/03\/CEMEAI-robotica-360x203.jpg 360w, https:\/\/www.cemeai.icmc.usp.br\/EduSCar\/wp-content\/uploads\/2019\/03\/CEMEAI-robotica-250x141.jpg 250w, https:\/\/www.cemeai.icmc.usp.br\/EduSCar\/wp-content\/uploads\/2019\/03\/CEMEAI-robotica-100x56.jpg 100w, https:\/\/www.cemeai.icmc.usp.br\/EduSCar\/wp-content\/uploads\/2019\/03\/CEMEAI-robotica.jpg 1920w\" sizes=\"(max-width: 1024px) 100vw, 1024px\" \/><figcaption> <br><\/figcaption><\/figure>\n\n\n\n<p class=\"has-text-color has-background has-medium-font-size has-very-dark-gray-color has-light-green-cyan-background-color\"><strong>Cursos preparat\u00f3rios para a Olimp\u00edada Brasileira de Rob\u00f3tica<\/strong><\/p>\n\n\n\n<p class=\"has-text-color has-background has-very-dark-gray-color has-very-light-gray-background-color\"><strong> O CeMEAI organiza um curso de Rob\u00f3tica voltado para alunos de escolas p\u00fablicas do Ensino Fundamental e M\u00e9dio.\u00a0O curso, que come\u00e7ou no dia 9 de abril, \u00e9 dividido em quatro s\u00e1bados e visa fornecer aos alunos os conceitos b\u00e1sicos necess\u00e1rios para tornar mais competitivas as equipes que participar\u00e3o da Olimp\u00edada Brasileira de Rob\u00f3tica, que ser\u00e1 disputada entre junho e outubro de 2016. Al\u00e9m do CeMEAI e do ICMC, o Centro de Rob\u00f3tica de S\u00e3o Carlos (CRob) tamb\u00e9m colabora com o curso, que recebeu mais de 100 inscri\u00e7\u00f5es.  <\/strong><\/p>\n\n\n\n<p><strong>Acesse abaixo, o link da p\u00e1gina:<\/strong><\/p>\n\n\n\n<p class=\"has-text-color has-background has-very-dark-gray-color has-very-light-gray-background-color\"><a href=\"http:\/\/www.cemeai.icmc.usp.br\/acoes\/educacao-e-difusao\/item\/265-robotica\">http:\/\/www.cemeai.icmc.usp.br\/acoes\/educacao-e-difusao\/item\/265-robotica<\/a><\/p>\n\n\n\n<p class=\"has-text-color has-background has-medium-font-size has-very-dark-gray-color has-light-green-cyan-background-color\"><strong>OBMEP na UNICAMP<\/strong><\/p>\n\n\n\n<figure class=\"wp-block-image\"><img loading=\"lazy\" width=\"1024\" height=\"606\" src=\"http:\/\/www.cemeai.icmc.usp.br\/EduSCar\/wp-content\/uploads\/2019\/03\/CEMEAI-OBMEP-1-1024x606.jpg\" alt=\"\" class=\"wp-image-413\" srcset=\"https:\/\/www.cemeai.icmc.usp.br\/EduSCar\/wp-content\/uploads\/2019\/03\/CEMEAI-OBMEP-1-1024x606.jpg 1024w, https:\/\/www.cemeai.icmc.usp.br\/EduSCar\/wp-content\/uploads\/2019\/03\/CEMEAI-OBMEP-1-300x178.jpg 300w, https:\/\/www.cemeai.icmc.usp.br\/EduSCar\/wp-content\/uploads\/2019\/03\/CEMEAI-OBMEP-1-768x455.jpg 768w, https:\/\/www.cemeai.icmc.usp.br\/EduSCar\/wp-content\/uploads\/2019\/03\/CEMEAI-OBMEP-1-700x414.jpg 700w, https:\/\/www.cemeai.icmc.usp.br\/EduSCar\/wp-content\/uploads\/2019\/03\/CEMEAI-OBMEP-1-520x308.jpg 520w, https:\/\/www.cemeai.icmc.usp.br\/EduSCar\/wp-content\/uploads\/2019\/03\/CEMEAI-OBMEP-1-360x213.jpg 360w, https:\/\/www.cemeai.icmc.usp.br\/EduSCar\/wp-content\/uploads\/2019\/03\/CEMEAI-OBMEP-1-250x148.jpg 250w, https:\/\/www.cemeai.icmc.usp.br\/EduSCar\/wp-content\/uploads\/2019\/03\/CEMEAI-OBMEP-1-100x59.jpg 100w, https:\/\/www.cemeai.icmc.usp.br\/EduSCar\/wp-content\/uploads\/2019\/03\/CEMEAI-OBMEP-1.jpg 1726w\" sizes=\"(max-width: 1024px) 100vw, 1024px\" \/><\/figure>\n\n\n\n<p class=\"has-text-color has-background has-very-dark-gray-color has-very-light-gray-background-color\"><strong>Este projeto foi criado pelos professores\u00a0<\/strong><a href=\"http:\/\/www.ime.unicamp.br\/~laurarifo\"><strong>Laura Rifo<\/strong><\/a><strong>, do Departamento de Matem\u00e1tica, e\u00a0<\/strong><a href=\"http:\/\/www.ime.unicamp.br\/~lucio\"><strong>L\u00facio Santos<\/strong><\/a><strong>, do Departamento de Matem\u00e1tica Aplicada (DMA), do IMECC, e tem como objetivo trazer alunos principalmente de escolas p\u00fablicas, participantes da\u00a0<\/strong><a href=\"http:\/\/www.obmep.org.br\/\"><strong>OBMEP<\/strong><\/a><strong>, para conhecer a\u00a0<\/strong><a href=\"http:\/\/www.unicamp.br\/unicamp\/\"><strong>UNICAMP<\/strong><\/a><strong>. A partir de 2018, o professor Ricardo Biloti, do DMA, participa como palestrante.<\/strong><\/p>\n\n\n\n<p class=\"has-text-color has-very-dark-gray-color\"><strong>As escolas visitantes t\u00eam a oportunidade de participar de:palestras e oficinas de matem\u00e1tica no IMECC,almo\u00e7o no\u00a0<\/strong><a href=\"http:\/\/www.prefeitura.unicamp.br\/servicos\/divisao-de-alimentacao\"><strong>Bandej\u00e3o<\/strong><\/a><strong>,visita a outra unidade ou projeto, com atividades para os alunos. Veja abaixo as parcerias nas visitas j\u00e1 realizadas. <\/strong><\/p>\n\n\n\n<p><\/p>\n","protected":false},"excerpt":{"rendered":"<p>Cursos preparat\u00f3rios para a Olimp\u00edada Brasileira de Rob\u00f3tica O CeMEAI organiza um curso de Rob\u00f3tica voltado para alunos de escolas p\u00fablicas do Ensino Fundamental e M\u00e9dio.\u00a0O curso, que come\u00e7ou no dia 9 de abril, \u00e9 dividido em quatro s\u00e1bados e [&hellip;]<\/p>\n","protected":false},"author":1,"featured_media":409,"parent":0,"menu_order":0,"comment_status":"closed","ping_status":"closed","template":"page-templates\/page_fullwidth.php","meta":[],"_links":{"self":[{"href":"https:\/\/www.cemeai.icmc.usp.br\/EduSCar\/wp-json\/wp\/v2\/pages\/233"}],"collection":[{"href":"https:\/\/www.cemeai.icmc.usp.br\/EduSCar\/wp-json\/wp\/v2\/pages"}],"about":[{"href":"https:\/\/www.cemeai.icmc.usp.br\/EduSCar\/wp-json\/wp\/v2\/types\/page"}],"author":[{"embeddable":true,"href":"https:\/\/www.cemeai.icmc.usp.br\/EduSCar\/wp-json\/wp\/v2\/users\/1"}],"replies":[{"embeddable":true,"href":"https:\/\/www.cemeai.icmc.usp.br\/EduSCar\/wp-json\/wp\/v2\/comments?post=233"}],"version-history":[{"count":3,"href":"https:\/\/www.cemeai.icmc.usp.br\/EduSCar\/wp-json\/wp\/v2\/pages\/233\/revisions"}],"predecessor-version":[{"id":414,"href":"https:\/\/www.cemeai.icmc.usp.br\/EduSCar\/wp-json\/wp\/v2\/pages\/233\/revisions\/414"}],"wp:featuredmedia":[{"embeddable":true,"href":"https:\/\/www.cemeai.icmc.usp.br\/EduSCar\/wp-json\/wp\/v2\/media\/409"}],"wp:attachment":[{"href":"https:\/\/www.cemeai.icmc.usp.br\/EduSCar\/wp-json\/wp\/v2\/media?parent=233"}],"curies":[{"name":"wp","href":"https:\/\/api.w.org\/{rel}","templated":true}]}}