{"id":266,"date":"2019-03-13T22:49:07","date_gmt":"2019-03-14T01:49:07","guid":{"rendered":"http:\/\/www.cemeai.icmc.usp.br\/EduSCar\/smmacti-copy\/"},"modified":"2019-03-14T20:25:04","modified_gmt":"2019-03-14T23:25:04","slug":"smmacti-2","status":"publish","type":"page","link":"https:\/\/www.cemeai.icmc.usp.br\/EduSCar\/smmacti-2\/","title":{"rendered":"Ci\u00eancias nas Escolas e Ci\u00eancias nas Feiras livres"},"content":{"rendered":"\n<p class=\"has-text-color has-background has-medium-font-size has-very-dark-gray-color has-light-green-cyan-background-color\"><strong>Estudantes de escolas p\u00fablicas ensinam ci\u00eancias nas Feiras livres. E.E.E.I. Sebasti\u00e3o de Oliveira Rocha.<\/strong><\/p>\n\n\n\n<figure class=\"wp-block-image alignfull\"><img loading=\"lazy\" width=\"2041\" height=\"1148\" src=\"http:\/\/www.cemeai.icmc.usp.br\/EduSCar\/wp-content\/uploads\/2019\/03\/P_20180508_100626-2.jpg\" alt=\"\" class=\"wp-image-439\" srcset=\"https:\/\/www.cemeai.icmc.usp.br\/EduSCar\/wp-content\/uploads\/2019\/03\/P_20180508_100626-2.jpg 2041w, https:\/\/www.cemeai.icmc.usp.br\/EduSCar\/wp-content\/uploads\/2019\/03\/P_20180508_100626-2-300x169.jpg 300w, https:\/\/www.cemeai.icmc.usp.br\/EduSCar\/wp-content\/uploads\/2019\/03\/P_20180508_100626-2-768x432.jpg 768w, https:\/\/www.cemeai.icmc.usp.br\/EduSCar\/wp-content\/uploads\/2019\/03\/P_20180508_100626-2-1024x576.jpg 1024w, https:\/\/www.cemeai.icmc.usp.br\/EduSCar\/wp-content\/uploads\/2019\/03\/P_20180508_100626-2-700x394.jpg 700w, https:\/\/www.cemeai.icmc.usp.br\/EduSCar\/wp-content\/uploads\/2019\/03\/P_20180508_100626-2-520x292.jpg 520w, https:\/\/www.cemeai.icmc.usp.br\/EduSCar\/wp-content\/uploads\/2019\/03\/P_20180508_100626-2-360x202.jpg 360w, https:\/\/www.cemeai.icmc.usp.br\/EduSCar\/wp-content\/uploads\/2019\/03\/P_20180508_100626-2-250x141.jpg 250w, https:\/\/www.cemeai.icmc.usp.br\/EduSCar\/wp-content\/uploads\/2019\/03\/P_20180508_100626-2-100x56.jpg 100w\" sizes=\"(max-width: 2041px) 100vw, 2041px\" \/><figcaption><strong>Ci\u00eancias na Feira<\/strong><\/figcaption><\/figure>\n\n\n\n<figure class=\"wp-block-image alignfull\"><img loading=\"lazy\" width=\"1024\" height=\"577\" src=\"http:\/\/www.cemeai.icmc.usp.br\/EduSCar\/wp-content\/uploads\/2019\/03\/31298458_1881372561894486_1594996054523117568_o-3-1024x577.jpg\" alt=\"\" class=\"wp-image-440\" srcset=\"https:\/\/www.cemeai.icmc.usp.br\/EduSCar\/wp-content\/uploads\/2019\/03\/31298458_1881372561894486_1594996054523117568_o-3-1024x577.jpg 1024w, https:\/\/www.cemeai.icmc.usp.br\/EduSCar\/wp-content\/uploads\/2019\/03\/31298458_1881372561894486_1594996054523117568_o-3-300x169.jpg 300w, https:\/\/www.cemeai.icmc.usp.br\/EduSCar\/wp-content\/uploads\/2019\/03\/31298458_1881372561894486_1594996054523117568_o-3-768x433.jpg 768w, https:\/\/www.cemeai.icmc.usp.br\/EduSCar\/wp-content\/uploads\/2019\/03\/31298458_1881372561894486_1594996054523117568_o-3-700x394.jpg 700w, https:\/\/www.cemeai.icmc.usp.br\/EduSCar\/wp-content\/uploads\/2019\/03\/31298458_1881372561894486_1594996054523117568_o-3-520x293.jpg 520w, https:\/\/www.cemeai.icmc.usp.br\/EduSCar\/wp-content\/uploads\/2019\/03\/31298458_1881372561894486_1594996054523117568_o-3-360x203.jpg 360w, https:\/\/www.cemeai.icmc.usp.br\/EduSCar\/wp-content\/uploads\/2019\/03\/31298458_1881372561894486_1594996054523117568_o-3-250x141.jpg 250w, https:\/\/www.cemeai.icmc.usp.br\/EduSCar\/wp-content\/uploads\/2019\/03\/31298458_1881372561894486_1594996054523117568_o-3-100x56.jpg 100w, https:\/\/www.cemeai.icmc.usp.br\/EduSCar\/wp-content\/uploads\/2019\/03\/31298458_1881372561894486_1594996054523117568_o-3.jpg 1726w\" sizes=\"(max-width: 1024px) 100vw, 1024px\" \/><figcaption><strong>Ci\u00eancias na Feira<\/strong><\/figcaption><\/figure>\n\n\n\n<figure class=\"wp-block-image alignfull\"><img loading=\"lazy\" width=\"1024\" height=\"576\" src=\"http:\/\/www.cemeai.icmc.usp.br\/EduSCar\/wp-content\/uploads\/2019\/03\/2-1024x576.jpg\" alt=\"\" class=\"wp-image-441\" srcset=\"https:\/\/www.cemeai.icmc.usp.br\/EduSCar\/wp-content\/uploads\/2019\/03\/2-1024x576.jpg 1024w, https:\/\/www.cemeai.icmc.usp.br\/EduSCar\/wp-content\/uploads\/2019\/03\/2-300x169.jpg 300w, https:\/\/www.cemeai.icmc.usp.br\/EduSCar\/wp-content\/uploads\/2019\/03\/2-768x432.jpg 768w, https:\/\/www.cemeai.icmc.usp.br\/EduSCar\/wp-content\/uploads\/2019\/03\/2-700x394.jpg 700w, https:\/\/www.cemeai.icmc.usp.br\/EduSCar\/wp-content\/uploads\/2019\/03\/2-520x293.jpg 520w, https:\/\/www.cemeai.icmc.usp.br\/EduSCar\/wp-content\/uploads\/2019\/03\/2-360x203.jpg 360w, https:\/\/www.cemeai.icmc.usp.br\/EduSCar\/wp-content\/uploads\/2019\/03\/2-250x141.jpg 250w, https:\/\/www.cemeai.icmc.usp.br\/EduSCar\/wp-content\/uploads\/2019\/03\/2-100x56.jpg 100w\" sizes=\"(max-width: 1024px) 100vw, 1024px\" \/><figcaption><strong>Ci\u00eancias na Feira<\/strong><\/figcaption><\/figure>\n\n\n\n<figure class=\"wp-block-image alignfull\"><img loading=\"lazy\" width=\"913\" height=\"514\" src=\"http:\/\/www.cemeai.icmc.usp.br\/EduSCar\/wp-content\/uploads\/2019\/03\/Sem-t\u00edtulo-4-1.jpg\" alt=\"\" class=\"wp-image-442\" srcset=\"https:\/\/www.cemeai.icmc.usp.br\/EduSCar\/wp-content\/uploads\/2019\/03\/Sem-t\u00edtulo-4-1.jpg 913w, https:\/\/www.cemeai.icmc.usp.br\/EduSCar\/wp-content\/uploads\/2019\/03\/Sem-t\u00edtulo-4-1-300x169.jpg 300w, https:\/\/www.cemeai.icmc.usp.br\/EduSCar\/wp-content\/uploads\/2019\/03\/Sem-t\u00edtulo-4-1-768x432.jpg 768w, https:\/\/www.cemeai.icmc.usp.br\/EduSCar\/wp-content\/uploads\/2019\/03\/Sem-t\u00edtulo-4-1-700x394.jpg 700w, https:\/\/www.cemeai.icmc.usp.br\/EduSCar\/wp-content\/uploads\/2019\/03\/Sem-t\u00edtulo-4-1-520x293.jpg 520w, https:\/\/www.cemeai.icmc.usp.br\/EduSCar\/wp-content\/uploads\/2019\/03\/Sem-t\u00edtulo-4-1-360x203.jpg 360w, https:\/\/www.cemeai.icmc.usp.br\/EduSCar\/wp-content\/uploads\/2019\/03\/Sem-t\u00edtulo-4-1-250x141.jpg 250w, https:\/\/www.cemeai.icmc.usp.br\/EduSCar\/wp-content\/uploads\/2019\/03\/Sem-t\u00edtulo-4-1-100x56.jpg 100w\" sizes=\"(max-width: 913px) 100vw, 913px\" \/><figcaption><strong>Espa\u00e7o da Ci\u00eancia<\/strong><\/figcaption><\/figure>\n","protected":false},"excerpt":{"rendered":"<p>Estudantes de escolas p\u00fablicas ensinam ci\u00eancias nas Feiras livres. E.E.E.I. Sebasti\u00e3o de Oliveira Rocha.<\/p>\n","protected":false},"author":1,"featured_media":438,"parent":0,"menu_order":0,"comment_status":"closed","ping_status":"closed","template":"page-templates\/page_fullwidth.php","meta":[],"_links":{"self":[{"href":"https:\/\/www.cemeai.icmc.usp.br\/EduSCar\/wp-json\/wp\/v2\/pages\/266"}],"collection":[{"href":"https:\/\/www.cemeai.icmc.usp.br\/EduSCar\/wp-json\/wp\/v2\/pages"}],"about":[{"href":"https:\/\/www.cemeai.icmc.usp.br\/EduSCar\/wp-json\/wp\/v2\/types\/page"}],"author":[{"embeddable":true,"href":"https:\/\/www.cemeai.icmc.usp.br\/EduSCar\/wp-json\/wp\/v2\/users\/1"}],"replies":[{"embeddable":true,"href":"https:\/\/www.cemeai.icmc.usp.br\/EduSCar\/wp-json\/wp\/v2\/comments?post=266"}],"version-history":[{"count":4,"href":"https:\/\/www.cemeai.icmc.usp.br\/EduSCar\/wp-json\/wp\/v2\/pages\/266\/revisions"}],"predecessor-version":[{"id":444,"href":"https:\/\/www.cemeai.icmc.usp.br\/EduSCar\/wp-json\/wp\/v2\/pages\/266\/revisions\/444"}],"wp:featuredmedia":[{"embeddable":true,"href":"https:\/\/www.cemeai.icmc.usp.br\/EduSCar\/wp-json\/wp\/v2\/media\/438"}],"wp:attachment":[{"href":"https:\/\/www.cemeai.icmc.usp.br\/EduSCar\/wp-json\/wp\/v2\/media?parent=266"}],"curies":[{"name":"wp","href":"https:\/\/api.w.org\/{rel}","templated":true}]}}