{"id":455,"date":"2018-04-24T22:14:29","date_gmt":"2018-04-25T01:14:29","guid":{"rendered":"http:\/\/www.cemeai.icmc.usp.br\/Reconnect\/?page_id=455"},"modified":"2024-08-24T13:20:27","modified_gmt":"2024-08-24T16:20:27","slug":"activities","status":"publish","type":"page","link":"https:\/\/www.cemeai.icmc.usp.br\/Reconnect\/activities\/","title":{"rendered":"Activities"},"content":{"rendered":"<h2>Reading groups<\/h2>\r\n<p><strong>2024<\/strong><\/p>\r\n<p><strong>Weekly on Saturdays:<\/strong><\/p>\r\n<p><a href=\"https:\/\/www.cemeai.icmc.usp.br\/Reconnect\/realanalysis\/\">Saturday Meetings for Real Analysis<\/a><\/p>\r\n<p><strong>Weekly on Wednesdays:<\/strong><\/p>\r\n<p>Reading group on Random Interval Diffeomorphisms: Lecture Notes<\/p>\r\n<p><strong>2023<\/strong><\/p>\r\n<p>Reading group on Transfer Operators.<\/p>\r\n<p><strong>Weekly on Wednesdays:<\/strong><\/p>\r\n<p>Reading group on Iterated Function Systems:\u00a0<a href=\"http:\/\/www.cemeai.icmc.usp.br\/Reconnect\/wp-content\/uploads\/2024\/08\/Iterated-function-system-study-group.pdf\">Lecture Notes<\/a><\/p>\r\n<p>&nbsp;<\/p>\r\n<p><strong>2022<\/strong><\/p>\r\n<p>Reading group on Kernel Flow: \u00a0<a href=\"http:\/\/www.cemeai.icmc.usp.br\/Reconnect\/wp-content\/uploads\/2024\/08\/Kernel_Flow_Tutorial.pdf\">Lecture Notes<\/a><\/p>\r\n<p><strong>2021<\/strong><\/p>\r\n<p><strong>Jan 6 &#8211; July 5 &#8211; weekly on Wednesdays<\/strong><\/p>\r\n<p>Reading group on Transfer Operators:\u00a0 the main reference was Omri Sarig\u2019s lecture notes.\u00a0<\/p>\r\n<p><a href=\"http:\/\/www.cemeai.icmc.usp.br\/Reconnect\/wp-content\/uploads\/2024\/08\/TransfOpRdGr_Notes_compressed.pdf\">Lecture Notes<\/a><\/p>\r\n<h4>2019<\/h4>\r\n<p><strong>Sep 16 &#8211; Dec 4 &#8211; weekly meeting<\/strong><\/p>\r\n<p>Remco van der Hofstad &#8211; Random Graphs and Complex Networks &#8211; available at <a href=\"https:\/\/www.win.tue.nl\/~rhofstad\/NotesRGCN.pdf\">https:\/\/www.win.tue.nl\/~rhofstad\/NotesRGCN.pdf<\/a><\/p>\r\n<h4>2018<\/h4>\r\n<p><a href=\"https:\/\/doi.org\/10.1142\/S0218127411029446\"><strong>April &#8211; May<\/strong>:\u00a0I. Stewart, PHASE OSCILLATORS WITH SINUSOIDAL COUPLING INTERPRETED IN TERMS OF PROJECTIVE GEOMETRY<\/a><\/p>\r\n<h2>Workshops<\/h2>\r\n<p><strong>2024<\/strong><\/p>\r\n<p><a href=\"https:\/\/www.cemeai.icmc.usp.br\/Reconnect\/fractals2024\/\"><strong>August 2 &#8211; Fractals: Draw Your Own!\u00a0<\/strong><\/a><\/p>\r\n<p><a href=\"http:\/\/www.cemeai.icmc.usp.br\/Reconnect\/adynamicalday24\/\"><strong>April 28 &#8211; A Dynamical Day\u00a0<\/strong><\/a><\/p>\r\n<p><a href=\"https:\/\/cloud.conteudo.sistemaetapa.com.br\/sigmacampbrazil\"><strong>January &#8211; \u00a0Etapa Sigma Camp<\/strong><\/a><\/p>\r\n<p><strong>2020<\/strong><\/p>\r\n<p><a href=\"https:\/\/www.youtube.com\/watch?v=Om9yHN55qs4&amp;feature=youtu.be\"><strong>August 8<\/strong> &#8211; Webinar: A Matem\u00e1tica em tempos de crise (2020)<\/a><\/p>\r\n<p><a href=\"https:\/\/www.youtube.com\/watch?v=dyXNqpGBUtE&amp;feature=youtu.be\"><strong>February 19<\/strong> &#8211; 1\u00ba Workshop Matem\u00e1tica e Ind\u00fastria &#8211; Revelando transi\u00e7\u00f5es cr\u00edticas a partir de dados<\/a><\/p>\r\n<p><strong>2019<\/strong><\/p>\r\n<p><a href=\"https:\/\/oxfordbrazilsociety.home.blog\/coffee-and-science\/\"><strong>September 11<\/strong> &#8211; Coffee and Science with Professor Tiago Pereira \u2013 11\/09\/19<\/a><\/p>\r\n<p><a href=\"https:\/\/www.maths.ox.ac.uk\/groups\/networks\/events\/higher-order-interaction-workshop\"><strong>September 9-11<\/strong> &#8211; Workshop on Higher-order Interaction Networks: Dynamics, Structure, Data<\/a><\/p>\r\n<p><a href=\"https:\/\/www.youtube.com\/watch?v=jNrKiG0SiKI&amp;feature=youtu.be\"><strong>August 5<\/strong> &#8211; 32\u00ba CBM &#8211; Palestra de Divulga\u00e7\u00e3o &#8211; Controle de doen\u00e7as infecciosas por isolamento<\/a><\/p>\r\n<p><a href=\"http:\/\/indico.ictp.it\/event\/8656\"><strong>May 6-19<\/strong> &#8211; School and Workshop on Patterns of Synchrony: Chimera States and Beyond<\/a><\/p>\r\n<h4>2018<\/h4>\r\n<p><a href=\"http:\/\/www.cemeai.icmc.usp.br\/Reconnect\/dynamical-systems\/\" target=\"_blank\" rel=\"noopener noreferrer\"><strong>October 24-26<\/strong> &#8211; S\u00e3o Paulo Dynamical Systems days<\/a><\/p>\r\n<p><a href=\"http:\/\/www.cemeai.icmc.usp.br\/Reconnect\/meeting-on-network-inference-and-random-dynamics\/\"><strong>May 2-3<\/strong> &#8211;\u00a0Meeting on Network Inference and Random Dynamics<\/a><\/p>\r\n<p><a href=\"http:\/\/wwwf.imperial.ac.uk\/~tpereir1\/NetworkDay.html\"><strong>Feb 9<\/strong> &#8211;\u00a0One Day of Network Dynamics<\/a><\/p>\r\n<h2>Internal Seminars<\/h2>\r\n<p><strong>2024<\/strong><\/p>\r\n<p><strong>March 18<\/strong><br \/><span class=\"qu\" tabindex=\"-1\" role=\"gridcell\" translate=\"no\"><span class=\"gD\" data-hovercard-id=\"lucidio@usp.br\" data-hovercard-owner-id=\"21\">Herbert Milton Maquera &#8211; Self-Consistent Transfer Operator for Heterogeneous Networks \u00a0\u00a0<\/span><\/span><\/p>\r\n<p><strong>May\u00a0<\/strong><\/p>\r\n<p>Cristiana Nogueira Couto &#8211; Perron-Frobenius Theorem<\/p>\r\n<p><strong>2023<\/strong><\/p>\r\n<p><strong>October\u00a0<\/strong><br \/><span class=\"qu\" tabindex=\"-1\" role=\"gridcell\" translate=\"no\"><span class=\"gD\" data-hovercard-id=\"lucidio@usp.br\" data-hovercard-owner-id=\"21\">Gabriel Silva Lucidio &#8211; Averaging Theory for Hamiltonian Systems<\/span><\/span>\u00a0<\/p>\r\n<p><strong>June, 13 &#8211; 16<\/strong><\/p>\r\n<p class=\"iw gFxsud\"><span class=\"qu\" tabindex=\"-1\" role=\"gridcell\" translate=\"no\"><span class=\"gD\" data-hovercard-id=\"lucidio@usp.br\" data-hovercard-owner-id=\"21\">Herbert Milton Maquera &#8211; <b>Seminar about the paper: <\/b>Mean-field coupling of identical expanding circle maps- F S\u00e9lley et al.<\/span><\/span><\/p>\r\n<p><strong>2022<\/strong><\/p>\r\n<p><strong>September<\/strong><\/p>\r\n<p class=\"iw gFxsud\"><span class=\"qu\" tabindex=\"-1\" role=\"gridcell\" translate=\"no\"><span class=\"gD\" data-hovercard-id=\"lucidio@usp.br\" data-hovercard-owner-id=\"21\">Narcicegi Kiran &#8211; <b>Seminar about the paper: <\/b><\/span><\/span><span class=\"title-text\">The restricted isometry property and its implications for compressed sensing, E. Candes.<\/span><\/p>\r\n<p><strong>June, 7 &#8211; 28<\/strong><\/p>\r\n<p class=\"iw gFxsud\"><span class=\"qu\" tabindex=\"-1\" role=\"gridcell\" translate=\"no\"><span class=\"gD\" data-hovercard-id=\"lucidio@usp.br\" data-hovercard-owner-id=\"21\">Herbert Milton Maquera &#8211; <b>Seminar about the paper: <\/b><\/span><\/span>Statistical properties of dynamics. Introduction to the functional analytic approach, Galatolo.<\/p>\r\n<p><strong>February, 8 &#8211; 28<\/strong><\/p>\r\n<p class=\"iw gFxsud\"><span class=\"qu\" tabindex=\"-1\" role=\"gridcell\" translate=\"no\"><span class=\"gD\" data-hovercard-id=\"lucidio@usp.br\" data-hovercard-owner-id=\"21\">Herbert Milton Maquera &#8211; <b>Seminar about the paper: <\/b><\/span><\/span>Synchronization for Networks of Globally Coupled Maps in the Thermodynamic Limit, FM S\u00e9lley\u00a0et al.<\/p>\r\n<p><strong>2021<\/strong><\/p>\r\n<p class=\"iw gFxsud\"><span class=\"qu\" tabindex=\"-1\" role=\"gridcell\" translate=\"no\"><span class=\"gD\" data-hovercard-id=\"lucidio@usp.br\" data-hovercard-owner-id=\"21\">Gabriel Silva Lucidio- <\/span><\/span>Lectures about Mixing and Exactness for the Gauss map\u00a0<\/p>\r\n<p><strong>April 21 &#8211; June 2 <\/strong>&#8211; weekly<br \/><a href=\"http:\/\/eddienijholt.nl\/courses.html\">Eddie Nijholt &#8211; Mini course on quiver symmetry in centre manifold reduction<\/a><\/p>\r\n<p><strong>2020<\/strong><\/p>\r\n<p><strong>April 6 &#8211; June 15 <\/strong>&#8211; weekly<br \/><a href=\"http:\/\/www.cemeai.icmc.usp.br\/Reconnect\/mini-course-topics-in-random-dynamical-systems\/\">Zheng Bian &#8211; Mini course &#8211; Topics in Random Dynamical Systems<\/a><\/p>\r\n<p><br \/><strong>2019<\/strong><\/p>\r\n<p><strong>Oct 22 &#8211; Project Briefing<\/strong> <br \/>Robert Ronge &#8211; visiting PhD student from Humbolt University &#8211; Low dimensional description of excitable units with repulsive coupling<\/p>\r\n<p><strong>Oct 22<\/strong><\/p>\r\n<p>Hans Muller &#8211; Normal forms and Hopf Bifurcation with numerical aspects under AUTO software<\/p>\r\n<p><strong>Oct 15, 17 and 22 &#8211; Bifurcation Related Topics<\/strong><\/p>\r\n<p>Zheng Bian &#8211; Invariant Foliations<\/p>\r\n<p><strong>Oct 15 &#8211; Project Briefing<\/strong><\/p>\r\n<p>Zeray H. Gebrezabher &#8211; Reconstruction of Phase Oscillators from Data<\/p>\r\n<p><strong>Sep 25<\/strong><\/p>\r\n<p>Asrat Belachew &#8211; Center Manifold are not C^{\\infty}<\/p>\r\n<p><strong>Aug 14, 21, 28 and Sep 4\u00a0 &#8211;<\/strong> <strong>Monstruous Din\u00e2micos &#8211; a internal seminar where only students are allowed<\/strong><br \/>Douglas Finamore &#8211; Entropy of Foliations<\/p>\r\n<p><strong>Jun 13<\/strong> <strong>&#8211;<\/strong> <strong>Monstruous Din\u00e2micos &#8211; a internal seminar where only students are allowed<\/strong><br \/>Zheng Bian &#8211; Hausdorff dimension<\/p>\r\n<p><strong>Jun 4 &#8211; Project Briefing<\/strong><br \/>Edmilson Roque &#8211; Sparse reconstruction: a minimization problem<\/p>\r\n<p><strong>May 22 &#8211; Monstruous Din\u00e2micos &#8211; a internal seminar where only students are allowed<\/strong><\/p>\r\n<p>Richard Javier Cubas &#8211; The Hopf Argument<\/p>\r\n<p><strong>Jan 14 &#8211; 18 &#8211; Bifurcation Related Topics<\/strong><br \/><a href=\"http:\/\/www.cemeai.icmc.usp.br\/Reconnect\/people\/\" target=\"_blank\" rel=\"noopener noreferrer\">Zeray H. Gebrezabher<\/a> &#8211; Phase Reduction<br \/><a href=\"http:\/\/www.cemeai.icmc.usp.br\/Reconnect\/people\/\" target=\"_blank\" rel=\"noopener noreferrer\">Edmilson Roque<\/a> &#8211; Averaging Theorem<br \/><a href=\"http:\/\/www.cemeai.icmc.usp.br\/Reconnect\/people\/\" target=\"_blank\" rel=\"noopener noreferrer\">Fernando Queiroz<\/a>\u00a0&#8211; Bifurcations of Degenerated Eigenvalues<br \/><a href=\"http:\/\/www.cemeai.icmc.usp.br\/Reconnect\/people\/\" target=\"_blank\" rel=\"noopener noreferrer\">Hans Muller<\/a>\u00a0&#8211; Homoclinic Bifurcations<\/p>\r\n<p>&nbsp;<\/p>\r\n<h2>KHAS-USP Dynamical systems\u00a0 Seminars<\/h2>\r\n<p><strong>2021<\/strong><\/p>\r\n<p><strong>April 27 &#8211; on going<\/strong> &#8211; every 2 weeks<\/p>\r\n<p>Seminars together with students from <a href=\"https:\/\/nodds.khas.edu.tr\/\">Nodds Lab<\/a> &#8211; Deniz Eroglu&#8217;s group from KHAS University.<\/p>\r\n\r\n<p>&nbsp;<\/p>\r\n","protected":false},"excerpt":{"rendered":"<p>Reading groups 2024 Weekly on Saturdays: Saturday Meetings for Real Analysis Weekly on Wednesdays: Reading group on Random Interval Diffeomorphisms: Lecture Notes 2023 Reading group on Transfer Operators. Weekly on Wednesdays: Reading group on Iterated Function Systems:\u00a0Lecture Notes &nbsp; 2022 Reading group on Kernel Flow: \u00a0Lecture Notes 2021 Jan 6 &#8211; July 5 &#8211; weekly [&hellip;]<\/p>\n","protected":false},"author":1,"featured_media":0,"parent":0,"menu_order":0,"comment_status":"closed","ping_status":"closed","template":"fullwidth.php","meta":{"footnotes":""},"class_list":["post-455","page","type-page","status-publish","hentry"],"_links":{"self":[{"href":"https:\/\/www.cemeai.icmc.usp.br\/Reconnect\/wp-json\/wp\/v2\/pages\/455","targetHints":{"allow":["GET"]}}],"collection":[{"href":"https:\/\/www.cemeai.icmc.usp.br\/Reconnect\/wp-json\/wp\/v2\/pages"}],"about":[{"href":"https:\/\/www.cemeai.icmc.usp.br\/Reconnect\/wp-json\/wp\/v2\/types\/page"}],"author":[{"embeddable":true,"href":"https:\/\/www.cemeai.icmc.usp.br\/Reconnect\/wp-json\/wp\/v2\/users\/1"}],"replies":[{"embeddable":true,"href":"https:\/\/www.cemeai.icmc.usp.br\/Reconnect\/wp-json\/wp\/v2\/comments?post=455"}],"version-history":[{"count":46,"href":"https:\/\/www.cemeai.icmc.usp.br\/Reconnect\/wp-json\/wp\/v2\/pages\/455\/revisions"}],"predecessor-version":[{"id":1243,"href":"https:\/\/www.cemeai.icmc.usp.br\/Reconnect\/wp-json\/wp\/v2\/pages\/455\/revisions\/1243"}],"wp:attachment":[{"href":"https:\/\/www.cemeai.icmc.usp.br\/Reconnect\/wp-json\/wp\/v2\/media?parent=455"}],"curies":[{"name":"wp","href":"https:\/\/api.w.org\/{rel}","templated":true}]}}