{"id":49,"date":"2018-02-05T15:01:21","date_gmt":"2018-02-05T17:01:21","guid":{"rendered":"http:\/\/www.cemeai.icmc.usp.br\/Reconnect\/?page_id=49"},"modified":"2024-08-08T09:37:25","modified_gmt":"2024-08-08T12:37:25","slug":"publications","status":"publish","type":"page","link":"https:\/\/www.cemeai.icmc.usp.br\/Reconnect\/publications\/","title":{"rendered":"Publications"},"content":{"rendered":"<h2 style=\"text-align: center;\">Publications<\/h2>\n<h4 style=\"text-align: left;\"><strong><span style=\"color: #000080;\">2024<\/span><\/strong><\/h4>\n<p><strong><a class=\"gsc_a_at\" href=\"https:\/\/link.springer.com\/article\/10.1007\/s00332-024-10034-6\">Cycle-Star Motifs: Network Response to Link Modifications<\/a><\/strong><br \/>\nSajjad Bakrani, Narcicegi Kiran, Deniz Eroglu, Tiago Pereira<br \/>\nJournal of Nonlinear Science (2024)<\/p>\n<p><strong><a class=\"gsc_a_at\" href=\"https:\/\/iopscience.iop.org\/article\/10.1088\/1361-6544\/ad2f5f\/pdf\">Continua and persistence of periodic orbits in ensembles of oscillators<\/a><\/strong><br \/>\nRobert Ronge, Michael A Zaks, Tiago Pereira<br \/>\nNonlinearity (2024)<\/p>\n<h4 style=\"text-align: left;\"><strong><span style=\"color: #000080;\">2023<\/span><\/strong><\/h4>\n<p><strong><a class=\"gsc_a_at\" href=\"https:\/\/pubs.aip.org\/aip\/cha\/article\/33\/9\/091103\/2911039\">Emergence of chaotic cluster synchronization in heterogeneous networks<\/a><\/strong><br \/>\nRodrigo M Corder, Zheng Bian, Tiago Pereira, Antonio Montalb\u00e1n<br \/>\nChaos: An Interdisciplinary Journal of Nonlinear Science (2023)<\/p>\n<p><strong><a class=\"gsc_a_at\" href=\"https:\/\/arxiv.org\/pdf\/2308.06433\">Robust reconstruction of sparse network dynamics<\/a><\/strong><br \/>\nTiago Pereira, Edmilson Roque dos Santos, Sebastian van Strien<br \/>\narXiv preprint arXiv:2308.06433 (2023)<\/p>\n<p><strong><a class=\"gsc_a_at\" href=\"https:\/\/link.springer.com\/article\/10.1007\/s00220-023-04699-5\">Chaotic behavior in diffusively coupled systems<\/a><\/strong><br \/>\nEddie Nijholt, Tiago Pereira, Fernando C Queiroz, Dmitry Turaev<br \/>\nCommunications in Mathematical Physics (2023)<\/p>\n<p><strong><a class=\"gsc_a_at\" href=\"https:\/\/opus.hs-osnabrueck.de\/frontdoor\/deliver\/index\/docId\/6369\/file\/ExponentiallyLong.pdf\">Exponentially Long Transient Time to Synchronization of Coupled Chaotic Circle Maps in Dense Random Networks<\/a><\/strong><br \/>\nHans Muller Mendonca, Ralf T\u00f6njes, Tiago Pereira<br \/>\nEntropy (2023)<\/p>\n<div id=\"pu996-3\" class=\"clearfix colelem\">\n<h4 style=\"text-align: left;\"><strong><span style=\"color: #000080;\">2022<\/span><\/strong><\/h4>\n<p><strong><a class=\"gsc_a_at\" href=\"https:\/\/www.thelancet.com\/journals\/lanam\/article\/PIIS2667-193X(22)00155-7\/fulltext\">Prevalence and predictors of anti-SARS-CoV-2 serology in a highly vulnerable population of Rio de Janeiro: A population-based serosurvey<\/a><\/strong><br \/>\nLara E Coelho, Paula M Luz, Debora C Pires, Emilia M Jalil, Hugo Perazzo, Thiago S Torres, Sandra W Cardoso, Eduardo M Peixoto, Sandro Nazer, Eduardo Massad, Mariangela F Silveira, Fernando C Barros, Ana TR Vasconcelos, Carlos AM Costa, Rodrigo T Amancio, Daniel AM Villela, Tiago Pereira, Guilherme T Goedert, Cleber VBD Santos, Nadia CP Rodrigues, Beatriz Grinsztejn, Valdilea G Veloso, Claudio J Struchiner<br \/>\nThe Lancet Regional Health\u2013Americas (2022)<\/p>\n<p><strong><a class=\"gsc_a_at\" href=\"https:\/\/journals.plos.org\/plosone\/article?id=10.1371\/journal.pone.0273425\">Quantifying protocols for safe school activities<\/a><\/strong><br \/>\nJuliano Genari, Guilherme Tegoni Goedert, S\u00e9rgio HA Lira, Krerley Oliveira, Adriano Barbosa, Allysson Lima, Jos\u00e9 Augusto Silva, Hugo Oliveira, Maur\u00edcio Maciel, Ismael Ledoino, Lucas Resende, Edmilson Roque Dos Santos, Dan Marchesin, Claudio J Struchiner, Tiago Pereira<br \/>\nPLoS one (2022)<\/p>\n<p><strong><a class=\"gsc_a_at\" href=\"https:\/\/www.nature.com\/articles\/s41467-022-32282-4\">Emergent hypernetworks in weakly coupled oscillators<\/a><\/strong><br \/>\nEddie Nijholt, Jorge Luis Ocampo-Espindola, Deniz Eroglu, Istv\u00e1n Z Kiss, Tiago Pereira<br \/>\nNature communications (2022)<\/p>\n<p><strong><a class=\"gsc_a_at\" href=\"https:\/\/www.sciencedirect.com\/science\/article\/pii\/S0022039622001243\">Absolute stability and absolute hyperbolicity in systems with discrete time-delays<\/a><\/strong><br \/>\nSerhiy Yanchuk, Matthias Wolfrum, Tiago Pereira, Dmitry Turaev<br \/>\nJournal of Differential Equations\u00a0(2022)<\/p>\n<p><strong><a class=\"gsc_a_at\" href=\"https:\/\/www.sciencedirect.com\/science\/article\/pii\/S2192440622000016\">Robot Dance: A mathematical optimization platform for intervention against COVID-19 in a complex network<\/a><\/strong><br \/>\nLuis Gustavo Nonato, Pedro Peixoto, Tiago Pereira, Claudia Sagastiz\u00e1bal, Paulo JS Silva<br \/>\nEURO Journal on Computational Optimization (2022)<\/p>\n<div id=\"u995-329\" class=\"clearfix colelem\">\n<h4 style=\"text-align: left;\"><strong><span style=\"color: #000080;\">2021<\/span><\/strong><\/h4>\n<\/div>\n<p><strong><a href=\"https:\/\/www.pnas.org\/doi\/full\/10.1073\/pnas.2104640118\">Optimized delay of the second COVID-19 vaccine dose reduces ICU admissions<\/a><\/strong><br \/>\nPaulo JS Silva, Claudia Sagastiz\u00e1bal, Lu\u00eds Gustavo Nonato, Claudio Jos\u00e9 Struchiner, Tiago Pereira<br \/>\nPNAS \u00a0(2021)<\/p>\n<p><strong><a href=\"https:\/\/iopscience.iop.org\/article\/10.1088\/1361-6544\/ac0613\">Chimera states through invariant manifold theory<\/a><\/strong><br \/>\nJaap Eldering, Jeroen S.W. Lamb, Tiago Pereira, Edmison Roque dos Santos<br \/>\nNonlinearity 34 5344 (2021)<\/p>\n<p><a href=\"http:\/\/www.cemeai.icmc.usp.br\/Reconnect\/wp-content\/uploads\/2021\/10\/e2104640118.full_.pdf\"><strong>Optimized delay of the second COVID-19 vaccine dose reduces ICU admissions<\/strong><\/a><br \/>\nPaulo J.S. Silva, Claudia Sagastizabal, Luis G. Nonato, Cl\u00e1udio J. Struchiner, Tiago Pereira<br \/>\nPNAS (2021)<\/p>\n<p><strong><a class=\"nonblock\" href=\"http:\/\/www.cemeai.icmc.usp.br\/Reconnect\/wp-content\/uploads\/2021\/10\/1-s2.0-S0167278921000531-main-2.pdf\">Recovering sparse networks: Basis adaptation and stability under extensions<\/a><br \/>\n<\/strong>Marcel Novaes, Edmilson Roque dos Santos, Tiago Pereira<br \/>\nPhysica D: Nonlinear Phenomena 424, 132895 (2021)<\/p>\n<p><strong><a href=\"https:\/\/arxiv.org\/abs\/2103.11670\">Absolute stability and absolute hyperbolicity in systems with discrete time-delays<\/a><\/strong><br \/>\nSerhiy Yanchuk, Matthias Wolfrum, Tiago Pereira, Dmitry Turaev<br \/>\narXiv preprint arXiv:2103.11670 (2021)<\/p>\n<p><strong><a href=\"https:\/\/arxiv.org\/abs\/2102.03920\">Smart testing and critical care bed sharing for COVID-19 control<\/a><\/strong><br \/>\nPaulo J.S. Silva, Tiago Pereira, Claudia Sagastizabal, Luis G. Nonato, Marcelo Cordova, Cl\u00e1udio J. Struchiner<br \/>\narXiv preprint arXiv:2102.03920 (2021)<\/p>\n<p><strong><a href=\"http:\/\/www.cemeai.icmc.usp.br\/Reconnect\/wp-content\/uploads\/2021\/10\/s41467-020-20441-4.pdf\">Coherence resonance in influencer networks<\/a><\/strong><br \/>\nRalf T\u00f6njes, Carlos E. Fiore, Tiago Pereira<br \/>\nNature Communications (2021)<\/p>\n<\/div>\n<hr \/>\n<div id=\"u995-329\" class=\"clearfix colelem\">\n<div id=\"pu996-3\" class=\"clearfix colelem\">\n<div id=\"u587-3\" class=\"clearfix grpelem\">\n<h4 style=\"text-align: left;\"><strong><span style=\"color: #000080;\">2020<\/span><\/strong><\/h4>\n<p><strong><a class=\"nonblock\" href=\"http:\/\/www.optimization-online.org\/DB_HTML\/2020\/10\/8054.html\">Robot Dance: a mathematical optimization platform for intervention against Covid-19 in a complex network<\/a><br \/>\n<\/strong>Luis Gustavo Nonato, Pedro Peixoto, Claudia Sagastizabal, , Tiago Pereira,\u00a0Paulo J. S. Silva<br \/>\neprints for the opmitization community (2020)<\/p>\n<p><strong><a class=\"nonblock\" href=\"https:\/\/sites.icmc.usp.br\/tiago\/index.html\/assets\/2020.05.11.20098541v1.full.pdf\">Robot dance: a city-wise automatic control of Covid-19 mitigation levels<\/a><br \/>\n<\/strong>Paulo J. S. Silva, Tiago Pereira, Luis Gustavo Nonato<br \/>\nmedRxiv and bioRxiv (2020)<\/p>\n<p><strong><a class=\"nonblock\" href=\"https:\/\/sites.icmc.usp.br\/tiago\/index.html\/assets\/physrevx.10.021047.pdf\">Revealing Dynamics, Communities, and Criticality from Data<\/a>\u00a0+\u00a0<a class=\"nonblock\" href=\"https:\/\/sites.icmc.usp.br\/tiago\/index.html\/assets\/prx_supp_mat_final.pdf\">Supplementals<\/a><br \/>\n<\/strong>Deniz Eroglu, Matteo Tanzi,\u00a0 Sebastian van Strien, and Tiago Pereira<br \/>\nPhysical Review X 10, 021047 (2020)<\/p>\n<p><strong><a class=\"nonblock\" href=\"http:\/\/conteudo.icmc.usp.br\/pessoas\/tiago\/index.html\/assets\/pvst-submitted.pdf\" target=\"_blank\" rel=\"noopener noreferrer\">Heterogeneously Coupled Maps: hub dynamics and emergence across connectivity layers<\/a><br \/>\n<\/strong>Tiago Pereira, Sebastian van Strien and Matteo Tanzi<br \/>\nJournal of the European Mathematical Society (2020)<\/p>\n<hr \/>\n<h4 style=\"text-align: left;\"><strong><span style=\"color: #000080;\">2019<\/span><\/strong><\/h4>\n<p><a class=\"nonblock\" href=\"https:\/\/sites.icmc.usp.br\/tiago\/index.html\/assets\/ruschel2019_article_ansiqdelaydifferentialequation.pdf\"><strong>An SIQ delay differential equations model for disease control via isolation<\/strong><\/a><br \/>\nStefan Ruschel, Tiago Pereira, Serhiy Yanchuk, Lai-Sang Young<br \/>\nJournal of Mathematical Biology (2019)<\/p>\n<p><strong><a class=\"nonblock\" href=\"http:\/\/conteudo.icmc.usp.br\/pessoas\/tiago\/index.html\/assets\/effectsofstructuralperturba.pdf\">The Effects of Structural Perturbations on the Synchronizability of Diffusive Networks<\/a><br \/>\n<\/strong>Camille Poignard, Jan Philipp Pade and Tiago Pereira<br \/>\nJournal of Nonlinear Science\u00a0 (2019)<\/p>\n<p><strong><a class=\"nonblock\" href=\"http:\/\/conteudo.icmc.usp.br\/pessoas\/tiago\/index.html\/assets\/young_et_al-2019-scientific_reports.pdf\">Consequences of delays and imperfection of isolation in epdemic control<\/a><br \/>\n<\/strong>Lai-Sang Young, Stefan Ruschel, Tiago Pereira, Serhiy Yanchuk,<br \/>\nNature Scientific Reports 9:3505 (2019)<\/p>\n<p><strong><a href=\"http:\/\/www.cemeai.icmc.usp.br\/Reconnect\/wp-content\/uploads\/2019\/03\/robustness_of_ergodic_properties_of_nonautonomous_piecewise_expanding_maps.pdf\">Robustness of ergodic properties of nonautonomous piecewise expanding maps<\/a><br \/>\n<\/strong>Matteo Tanzi, Tiago Pereira, and Sebastian van Strien<br \/>\nErgodic Theory and Dynamical Systems 67, 1-32 (2019)<\/p>\n<hr \/>\n<\/div>\n<h4 style=\"text-align: left;\"><strong><span style=\"color: #000080;\">2018<\/span><\/strong><\/h4>\n<p><strong><a class=\"nonblock\" href=\"http:\/\/conteudo.icmc.usp.br\/pessoas\/tiago\/index.html\/assets\/1531-3492_2018_8_3461.pdf\">Synchronization in Networks with Strongly Delayed Couplings<\/a><br \/>\n<\/strong>Daniel M. N. Maia, Elbert E. N. Macau, Tiago Pereira, Serhiy Yanchuk<br \/>\nDiscrete and Continuous Dynamical Systems &#8211; B\u00a0 (2018)<\/p>\n<p><strong><a class=\"nonblock\" href=\"https:\/\/epubs.siam.org\/doi\/10.1137\/17M1124474\" target=\"_blank\" rel=\"noopener noreferrer\">Spectra of Laplacian matrices of weighted graphs: structural genericity properties<\/a><br \/>\n<\/strong>Camille Poignard, Tiago Pereira, Jan Philipp Pade<br \/>\nSIAM Journal of Applied Mathematics (2018)<\/p>\n<hr \/>\n<\/div>\n<h4 style=\"text-align: left;\"><strong><span style=\"color: #000080;\">2017<\/span><\/strong><\/h4>\n<div id=\"u995-334\" class=\"clearfix colelem\">\n<p><strong><a class=\"nonblock\" href=\"http:\/\/conteudo.icmc.usp.br\/pessoas\/tiago\/index.html\/assets\/revmodphys.89.045001.pdf\" target=\"_blank\" rel=\"noopener noreferrer\">Coupling functions: Universal insights into dynamical interaction mechanisms<\/a><br \/>\n<\/strong>Tomislav Stankovski, Tiago Pereira, Peter V. E. McClintock, Aneta Stefanovska<br \/>\nReview of Modern Physics 89,\u00a0 045001 (2017)<\/p>\n<p><strong><a class=\"nonblock\" href=\"http:\/\/conteudo.icmc.usp.br\/pessoas\/tiago\/index.html\/assets\/synchronisation-of-chaos-and-its-applications.pdf\" target=\"_blank\" rel=\"noopener noreferrer\">Synchronization of Chaos and its Applications<\/a><br \/>\n<\/strong>Deniz Eroglu, Jeroen Lamb, Tiago Pereira<br \/>\nContemporary Physics 58, 207-243 (2017)<\/p>\n<p><strong><a class=\"nonblock\" href=\"http:\/\/conteudo.icmc.usp.br\/pessoas\/tiago\/index.html\/assets\/anticipatedsync.pdf\" target=\"_blank\" rel=\"noopener noreferrer\">Anticipated and zero-lag synchronization in motifs of delay-coupled systems<\/a><br \/>\n<\/strong>C.R. Mirasso, P.V. Carelli, T. Pereira, F.S. Matias, and M. Copelli<br \/>\nChaos 27, 114305 (2017)<\/p>\n<p><strong><a class=\"nonblock\" href=\"http:\/\/conteudo.icmc.usp.br\/pessoas\/tiago\/index.html\/assets\/1707.093152.pdf\" target=\"_blank\" rel=\"noopener noreferrer\">Self-Synchronization in Duty-cycled Internet of Things (IoT) Applications<\/a><br \/>\n<\/strong>Poonam Yadav, Julie A. McCann, Tiago Pereira<br \/>\nIEEE Internet of Things Jounal (2017)<\/p>\n<p><strong><a class=\"nonblock\" href=\"http:\/\/conteudo.icmc.usp.br\/pessoas\/tiago\/index.html\/assets\/comm-birgin.pdf\" target=\"_blank\" rel=\"noopener noreferrer\">CeMEAI: The Brazilian Center and Its Mathematics Research for Industry<\/a><br \/>\n<\/strong>E.G. BIRGIN, J.A. CUMINATO,\u00a0 J.M. MART\u00cdNEZ, and T Pereira,<br \/>\nAmerican Mathematical Society. Notices 64, 450-454, 2017<\/p>\n<\/div>\n<\/div>\n","protected":false},"excerpt":{"rendered":"<p>Publications 2024 Cycle-Star Motifs: Network Response to Link Modifications Sajjad Bakrani, Narcicegi Kiran, Deniz Eroglu, Tiago Pereira Journal of Nonlinear Science (2024) Continua and persistence of periodic orbits in ensembles of oscillators Robert Ronge, Michael A Zaks, Tiago Pereira Nonlinearity (2024) 2023 Emergence of chaotic cluster synchronization in heterogeneous networks Rodrigo M Corder, Zheng Bian, [&hellip;]<\/p>\n","protected":false},"author":1,"featured_media":0,"parent":0,"menu_order":0,"comment_status":"closed","ping_status":"closed","template":"fullwidth.php","meta":{"footnotes":""},"class_list":["post-49","page","type-page","status-publish","hentry"],"_links":{"self":[{"href":"https:\/\/www.cemeai.icmc.usp.br\/Reconnect\/wp-json\/wp\/v2\/pages\/49","targetHints":{"allow":["GET"]}}],"collection":[{"href":"https:\/\/www.cemeai.icmc.usp.br\/Reconnect\/wp-json\/wp\/v2\/pages"}],"about":[{"href":"https:\/\/www.cemeai.icmc.usp.br\/Reconnect\/wp-json\/wp\/v2\/types\/page"}],"author":[{"embeddable":true,"href":"https:\/\/www.cemeai.icmc.usp.br\/Reconnect\/wp-json\/wp\/v2\/users\/1"}],"replies":[{"embeddable":true,"href":"https:\/\/www.cemeai.icmc.usp.br\/Reconnect\/wp-json\/wp\/v2\/comments?post=49"}],"version-history":[{"count":51,"href":"https:\/\/www.cemeai.icmc.usp.br\/Reconnect\/wp-json\/wp\/v2\/pages\/49\/revisions"}],"predecessor-version":[{"id":1202,"href":"https:\/\/www.cemeai.icmc.usp.br\/Reconnect\/wp-json\/wp\/v2\/pages\/49\/revisions\/1202"}],"wp:attachment":[{"href":"https:\/\/www.cemeai.icmc.usp.br\/Reconnect\/wp-json\/wp\/v2\/media?parent=49"}],"curies":[{"name":"wp","href":"https:\/\/api.w.org\/{rel}","templated":true}]}}